{"id":3482,"date":"2023-05-10T17:52:53","date_gmt":"2023-05-10T17:52:53","guid":{"rendered":"https:\/\/karlfly.com\/?page_id=3482"},"modified":"2023-05-29T21:42:56","modified_gmt":"2023-05-29T21:42:56","slug":"zoonosis","status":"publish","type":"page","link":"https:\/\/karlfly.com\/index.php\/zoonosis\/","title":{"rendered":"Zoonosis"},"content":{"rendered":"\n<div class=\"wp-block-humpton-gutenberg-container content-row dark-section normal row_padding_top row_padding_bottom change-header-color\" data-bgcolor=\"#171717\" style=\"text-align:left\">\n<div class=\"wp-block-columns is-layout-flex wp-container-core-columns-is-layout-9d6595d7 wp-block-columns-is-layout-flex\">\n<div class=\"wp-block-column is-layout-flow wp-block-column-is-layout-flow\" style=\"flex-basis:25%\"><\/div>\n\n\n\n<div class=\"wp-block-column is-layout-flow wp-block-column-is-layout-flow\" style=\"flex-basis:50%\">\n<h1 class=\"wp-block-heading has-mask-fill\">\u00bfQue es la Zoonosis?<\/h1>\n<\/div>\n\n\n\n<div class=\"wp-block-column is-layout-flow wp-block-column-is-layout-flow\" style=\"flex-basis:25%\"><\/div>\n<\/div>\n\n\n\n<div class=\"wp-block-columns is-layout-flex wp-container-core-columns-is-layout-9d6595d7 wp-block-columns-is-layout-flex\">\n<div class=\"wp-block-column is-layout-flow wp-block-column-is-layout-flow\" style=\"flex-basis:25%\">\n<h6 class=\"wp-block-heading has-animation has-icon\">Descripci\u00f3n &gt;&gt;<\/h6>\n<\/div>\n\n\n\n<div class=\"wp-block-column is-layout-flow wp-block-column-is-layout-flow\" style=\"flex-basis:50%\">\n<p>La zoonosis es un t\u00e9rmino utilizado para describir enfermedades que pueden transmitirse de animales a seres humanos. Estas enfermedades pueden ser causadas por virus, bacterias, par\u00e1sitos u otros agentes infecciosos que se encuentran en animales enfermos o portadores asintom\u00e1ticos. El contacto directo o indirecto con animales infectados, sus productos (como leche o carne) o el medio ambiente en el que habitan, son las v\u00edas m\u00e1s comunes de transmisi\u00f3n. Algunos ejemplos de zoonosis incluyen la influenza aviar, la rabia, la enfermedad de Lyme y la salmonelosis. <\/p>\n<\/div>\n\n\n\n<div class=\"wp-block-column is-layout-flow wp-block-column-is-layout-flow\" style=\"flex-basis:25%\">\n<figure class=\"wp-block-image size-full\"><img loading=\"lazy\" decoding=\"async\" width=\"314\" height=\"415\" src=\"https:\/\/karlfly.com\/wp-content\/uploads\/2022\/09\/open11.png\" alt=\"\" class=\"wp-image-3366\" srcset=\"https:\/\/karlfly.com\/wp-content\/uploads\/2022\/09\/open11.png 314w, https:\/\/karlfly.com\/wp-content\/uploads\/2022\/09\/open11-227x300.png 227w\" sizes=\"auto, (max-width: 314px) 100vw, 314px\" \/><\/figure>\n<\/div>\n<\/div>\n<\/div>\n\n\n\n<div class=\"wp-block-humpton-gutenberg-container content-row dark-section full\" data-bgcolor=\"#171717\" style=\"text-align:left\">\n<figure class=\"has-parallax has-scale-vertical has-animation has-parallax-content\" data-delay=\"650\"><img decoding=\"async\" src=\"https:\/\/karlfly.com\/wp-content\/uploads\/2023\/05\/zoonosis1.png\" alt=\"\"><div class=\"parallax-image-content text-align-center\"><div class=\"outer content-max-width\"><div class=\"inner\"><h1 class=\"has-mask\"><\/h1><\/div><\/div><\/div><\/figure>\n<\/div>\n\n\n\n<div class=\"wp-block-humpton-gutenberg-container content-row dark-section normal row_padding_top row_padding_bottom change-header-color\" data-bgcolor=\"#171717\" style=\"text-align:left\">\n<div class=\"wp-block-columns is-layout-flex wp-container-core-columns-is-layout-9d6595d7 wp-block-columns-is-layout-flex\">\n<div class=\"wp-block-column is-layout-flow wp-block-column-is-layout-flow\" style=\"flex-basis:25%\"><\/div>\n\n\n\n<div class=\"wp-block-column is-layout-flow wp-block-column-is-layout-flow\" style=\"flex-basis:50%\">\n<h1 class=\"wp-block-heading has-mask-fill\">KarlFly y el COVID<\/h1>\n<\/div>\n\n\n\n<div class=\"wp-block-column is-layout-flow wp-block-column-is-layout-flow\" style=\"flex-basis:25%\"><\/div>\n<\/div>\n\n\n\n<div class=\"wp-block-columns is-layout-flex wp-container-core-columns-is-layout-9d6595d7 wp-block-columns-is-layout-flex\">\n<div class=\"wp-block-column is-layout-flow wp-block-column-is-layout-flow\" style=\"flex-basis:25%\">\n<h6 class=\"wp-block-heading has-animation has-icon\">Objetivos &gt;&gt;<\/h6>\n<\/div>\n\n\n\n<div class=\"wp-block-column is-layout-flow wp-block-column-is-layout-flow\" style=\"flex-basis:50%\">\n<p>KarlFly, esta infectada por un virus que todos conocemos \u00abCOVID\u00bb. Este proyecto no es mas que un recordatorio de un pasado que todos tenemos muy fresco. Toda la sociedad ha vivido un tiempo en un estado de Shock. Donde hemos tenido que alterar toda nuestra realidad, nuestro d\u00eda a d\u00eda, trabajo, estudios, etc&#8230;<\/p>\n\n\n\n<p><\/p>\n\n\n\n<figure class=\"wp-block-image size-full\"><img loading=\"lazy\" decoding=\"async\" width=\"750\" height=\"255\" src=\"https:\/\/karlfly.com\/wp-content\/uploads\/2023\/05\/zoomedio.jpg\" alt=\"\" class=\"wp-image-3669\" srcset=\"https:\/\/karlfly.com\/wp-content\/uploads\/2023\/05\/zoomedio.jpg 750w, https:\/\/karlfly.com\/wp-content\/uploads\/2023\/05\/zoomedio-300x102.jpg 300w\" sizes=\"auto, (max-width: 750px) 100vw, 750px\" \/><\/figure>\n\n\n\n<p><\/p>\n\n\n\n<p>Esta serie que llamamos Zoonosis, es un recuerdo y un aviso de que lo ocurrido, puede volver a pasar, quiz\u00e1s pronto o tarde, depende de como nos relacionemos con nuestro entorno, y como convivimos con loa animales, tanto salvajes como dom\u00e9sticos.<\/p>\n<\/div>\n\n\n\n<div class=\"wp-block-column is-layout-flow wp-block-column-is-layout-flow\" style=\"flex-basis:25%\"><\/div>\n<\/div>\n<\/div>\n\n\n\n<div class=\"wp-block-humpton-gutenberg-container content-row dark-section normal row_padding_bottom change-header-color has-animation\" data-bgcolor=\"#171717\" style=\"text-align:left\">\n<h3 class=\"wp-block-heading has-mask-fill no-margins\">\u00bfC\u00f3mo evoluciona Nuestro NFT?<\/h3>\n\n\n\n<p class=\"has-black-color has-text-color\">Visita nuestro Blog y podr\u00e1s ver como evoluciona nuestro NFT, tu opini\u00f3n es importante, queremos saber tu opini\u00f3n.<\/p>\n\n\n\n<div class=\"button-wrap large-btn right button-link \"><div class=\"icon-wrap parallax-wrap\"><div class=\"button-icon parallax-element\"><i class=\"fa-solid fa-arrow-right\"><\/i><\/div><\/div><a target=\"_self\" href=\"https:\/\/karlfly.com\/index.php\/category\/original-karlfly\/zoonosis-karlfly\/\"><div class=\"button-text sticky right\"><span data-hover=\"La Evoluci\u00f3n de Nuestro NFT!!\">La Evoluci\u00f3n de Nuestro NFT!!<\/span><\/div><\/a><\/div>\n<\/div>\n","protected":false},"excerpt":{"rendered":"","protected":false},"author":1,"featured_media":0,"parent":0,"menu_order":0,"comment_status":"closed","ping_status":"closed","template":"","meta":{"_themeisle_gutenberg_block_has_review":false,"footnotes":""},"class_list":["post-3482","page","type-page","status-publish","hentry"],"jetpack_sharing_enabled":true,"_links":{"self":[{"href":"https:\/\/karlfly.com\/index.php\/wp-json\/wp\/v2\/pages\/3482","targetHints":{"allow":["GET"]}}],"collection":[{"href":"https:\/\/karlfly.com\/index.php\/wp-json\/wp\/v2\/pages"}],"about":[{"href":"https:\/\/karlfly.com\/index.php\/wp-json\/wp\/v2\/types\/page"}],"author":[{"embeddable":true,"href":"https:\/\/karlfly.com\/index.php\/wp-json\/wp\/v2\/users\/1"}],"replies":[{"embeddable":true,"href":"https:\/\/karlfly.com\/index.php\/wp-json\/wp\/v2\/comments?post=3482"}],"version-history":[{"count":9,"href":"https:\/\/karlfly.com\/index.php\/wp-json\/wp\/v2\/pages\/3482\/revisions"}],"predecessor-version":[{"id":3575,"href":"https:\/\/karlfly.com\/index.php\/wp-json\/wp\/v2\/pages\/3482\/revisions\/3575"}],"wp:attachment":[{"href":"https:\/\/karlfly.com\/index.php\/wp-json\/wp\/v2\/media?parent=3482"}],"curies":[{"name":"wp","href":"https:\/\/api.w.org\/{rel}","templated":true}]}}