{"id":3473,"date":"2023-05-07T12:10:04","date_gmt":"2023-05-07T12:10:04","guid":{"rendered":"https:\/\/karlfly.com\/?page_id=3473"},"modified":"2023-06-12T20:13:05","modified_gmt":"2023-06-12T20:13:05","slug":"green-series","status":"publish","type":"page","link":"https:\/\/karlfly.com\/index.php\/green-series\/","title":{"rendered":"Green Series"},"content":{"rendered":"\n<div class=\"wp-block-humpton-gutenberg-container content-row dark-section normal row_padding_top row_padding_bottom change-header-color\" data-bgcolor=\"#171717\" style=\"text-align:left\">\n<div class=\"wp-block-humpton-gutenberg-right-pinned-section pinned-section\">\n<figure class=\"wp-block-image size-full left scrolling-element is-style-rounded\"><img loading=\"lazy\" decoding=\"async\" width=\"795\" height=\"355\" src=\"https:\/\/karlfly.com\/wp-content\/uploads\/2023\/05\/hojas1-1.png\" alt=\"\" class=\"wp-image-3457\" srcset=\"https:\/\/karlfly.com\/wp-content\/uploads\/2023\/05\/hojas1-1.png 795w, https:\/\/karlfly.com\/wp-content\/uploads\/2023\/05\/hojas1-1-300x134.png 300w, https:\/\/karlfly.com\/wp-content\/uploads\/2023\/05\/hojas1-1-768x343.png 768w\" sizes=\"auto, (max-width: 795px) 100vw, 795px\" \/><figcaption class=\"wp-element-caption\">Hoja de Encina<\/figcaption><\/figure>\n\n\n\n<div class=\"wp-block-humpton-gutenberg-pinned-element pinned-element right\">\n<hr>\n<h3 class=\"has-mask-fill block-title\">Hoja de Encina<\/h3>                                \n<hr>\n<h6 class=\"has-animation\">Mas ibformaci\u00f3n :<\/h6>\n<p class=\"has-animation\">\u00c1rbol de hoja peremne de hasta 27m de altura y copa densa y ovalada de la familia de las fag\u00e1ceas.\nHOJAS: Son duras (cori\u00e1ceas) y de color verde oscuro por la parte superior (haz) y con pelos (tomentosas) y de color gris\u00e1ceo por la inferior (env\u00e9s). Adem\u00e1s, en las ramas inferiores y en los individuos m\u00e1s j\u00f3venes son espinosas.\nTRONCO Y CORTEZA: El tronco de las encinas adultas es recto y cil\u00edndrico, con abundantes ramas de las cuales las principales pueden ser muy robustas. La corteza es lisa y de color gris-pardo en los individuos m\u00e1s j\u00f3venes y cada vez m\u00e1s rugosa y cuarteada con el paso de los a\u00f1os.<\/p>\n<\/div>\n<\/div>\n<\/div>\n\n\n\n<div class=\"wp-block-humpton-gutenberg-container content-row dark-section normal row_padding_top row_padding_bottom change-header-color\" data-bgcolor=\"#171717\" style=\"text-align:left\">\n<div class=\"wp-block-humpton-gutenberg-left-pinned-section pinned-section\">\n<div class=\"wp-block-humpton-gutenberg-pinned-element pinned-element left\">\n<hr>\n<h3 class=\"has-mask-fill block-title\">Hoja de Catalpa<\/h3>                                \n<hr>\n<h6 class=\"has-animation\">Objective<\/h6>\n<p class=\"has-animation\">Este bello \u00e1rbol de grandes hojas redondeadas y preciosa floraci\u00f3n blanca es oriundo del c\u00e1lido y h\u00famedo sur de Estados Unidos. Es capaz, no obstante, de resistir el fr\u00edo (-29\u00ba, zonas 5-9) y la sequedad ambiental.Las hojas son grandes, de 25 cent\u00edmetros de largo por 15 de ancho, con base acorazonada y acabadas en una punta corta; tienen largos pec\u00edolos.<\/p>\n<\/div>\n\n\n\n<figure class=\"wp-block-image size-full right scrolling-element is-style-rounded\"><img loading=\"lazy\" decoding=\"async\" width=\"795\" height=\"355\" src=\"https:\/\/karlfly.com\/wp-content\/uploads\/2023\/05\/hojas2-1.png\" alt=\"\" class=\"wp-image-3458\" srcset=\"https:\/\/karlfly.com\/wp-content\/uploads\/2023\/05\/hojas2-1.png 795w, https:\/\/karlfly.com\/wp-content\/uploads\/2023\/05\/hojas2-1-300x134.png 300w, https:\/\/karlfly.com\/wp-content\/uploads\/2023\/05\/hojas2-1-768x343.png 768w\" sizes=\"auto, (max-width: 795px) 100vw, 795px\" \/><\/figure>\n<\/div>\n<\/div>\n\n\n\n<div class=\"wp-block-humpton-gutenberg-container content-row dark-section normal row_padding_top row_padding_bottom change-header-color\" data-bgcolor=\"#171717\" style=\"text-align:left\">\n<div class=\"wp-block-humpton-gutenberg-right-pinned-section pinned-section\">\n<figure class=\"wp-block-image size-full left scrolling-element is-style-rounded\"><img loading=\"lazy\" decoding=\"async\" width=\"795\" height=\"355\" src=\"https:\/\/karlfly.com\/wp-content\/uploads\/2023\/05\/hojas3-2.png\" alt=\"\" class=\"wp-image-3459\" srcset=\"https:\/\/karlfly.com\/wp-content\/uploads\/2023\/05\/hojas3-2.png 795w, https:\/\/karlfly.com\/wp-content\/uploads\/2023\/05\/hojas3-2-300x134.png 300w, https:\/\/karlfly.com\/wp-content\/uploads\/2023\/05\/hojas3-2-768x343.png 768w\" sizes=\"auto, (max-width: 795px) 100vw, 795px\" \/><\/figure>\n\n\n\n<div class=\"wp-block-humpton-gutenberg-pinned-element pinned-element right\">\n<hr>\n<h3 class=\"has-mask-fill block-title\">Hoja de Casta\u00f1o<\/h3>                                \n<hr>\n<h6 class=\"has-animation\">Objective<\/h6>\n<p class=\"has-animation\">El casta\u00f1o es un \u00e1rbol de crecimiento r\u00e1pido que puede alcanzar los 30 m de altura, un desarrollo impresionante en grosor y gran longevidad, pues se conocen algunos ejemplares milenarios. Su tronco es grueso, corpulento y a veces hueco en los ejemplares a\u00f1osos. La corteza es parda, oscura y se agrieta longitudinalmente con la edad, adquiriendo un caracter\u00edstico estriado oblicuo, como si el tronco estuviera retorcido. Las hojas son simples, caducas, alternas, oblongo-lanceoladas, de 10-25 cm de largo por 5-8 cm de ancho y serradas en su margen.<\/p>\n<\/div>\n<\/div>\n<\/div>\n\n\n\n<div class=\"wp-block-humpton-gutenberg-container content-row dark-section normal row_padding_bottom change-header-color has-animation\" data-bgcolor=\"#171717\" style=\"text-align:left\">\n<h3 class=\"wp-block-heading has-mask-fill no-margins\">\u00bfComo evoluciona Nuestro NFT?<\/h3>\n\n\n\n<p class=\"has-white-color has-text-color\">Visita nuestro Blog y podr\u00e1s ver como evoluciona nuestro NFT, tu opinion es importante, queremos saber tu opini\u00f3n.<\/p>\n\n\n\n<div class=\"button-wrap large-btn right button-link \"><div class=\"icon-wrap parallax-wrap\"><div class=\"button-icon parallax-element\"><i class=\"fa-solid fa-arrow-right\"><\/i><\/div><\/div><a target=\"_self\" href=\"https:\/\/karlfly.com\/index.php\/category\/green-series\/\"><div class=\"button-text sticky right\"><span data-hover=\"La Evoluci\u00f3n de Nuestro NFT!!\">La Evoluci\u00f3n de Nuestro NFT!!<\/span><\/div><\/a><\/div>\n<\/div>\n","protected":false},"excerpt":{"rendered":"","protected":false},"author":1,"featured_media":0,"parent":0,"menu_order":0,"comment_status":"closed","ping_status":"closed","template":"","meta":{"_themeisle_gutenberg_block_has_review":false,"footnotes":""},"class_list":["post-3473","page","type-page","status-publish","hentry"],"jetpack_sharing_enabled":true,"_links":{"self":[{"href":"https:\/\/karlfly.com\/index.php\/wp-json\/wp\/v2\/pages\/3473","targetHints":{"allow":["GET"]}}],"collection":[{"href":"https:\/\/karlfly.com\/index.php\/wp-json\/wp\/v2\/pages"}],"about":[{"href":"https:\/\/karlfly.com\/index.php\/wp-json\/wp\/v2\/types\/page"}],"author":[{"embeddable":true,"href":"https:\/\/karlfly.com\/index.php\/wp-json\/wp\/v2\/users\/1"}],"replies":[{"embeddable":true,"href":"https:\/\/karlfly.com\/index.php\/wp-json\/wp\/v2\/comments?post=3473"}],"version-history":[{"count":3,"href":"https:\/\/karlfly.com\/index.php\/wp-json\/wp\/v2\/pages\/3473\/revisions"}],"predecessor-version":[{"id":3567,"href":"https:\/\/karlfly.com\/index.php\/wp-json\/wp\/v2\/pages\/3473\/revisions\/3567"}],"wp:attachment":[{"href":"https:\/\/karlfly.com\/index.php\/wp-json\/wp\/v2\/media?parent=3473"}],"curies":[{"name":"wp","href":"https:\/\/api.w.org\/{rel}","templated":true}]}}