{"id":2902,"date":"2023-04-01T12:50:26","date_gmt":"2023-04-01T12:50:26","guid":{"rendered":"https:\/\/karlfly.com\/?page_id=2902"},"modified":"2023-05-05T21:03:21","modified_gmt":"2023-05-05T21:03:21","slug":"el-autor","status":"publish","type":"page","link":"https:\/\/karlfly.com\/index.php\/el-autor\/","title":{"rendered":"El Autor"},"content":{"rendered":"\n<div class=\"wp-block-humpton-gutenberg-container content-row light-section normal row_padding_top row_padding_bottom change-header-color\" data-bgcolor=\"#ffffff\" style=\"text-align:left\">\n<div class=\"wp-block-columns is-layout-flex wp-container-core-columns-is-layout-9d6595d7 wp-block-columns-is-layout-flex\">\n<div class=\"wp-block-column is-layout-flow wp-block-column-is-layout-flow\" style=\"flex-basis:20%\">\n<h6 class=\"wp-block-heading has-animation has-icon\">Quien soy yo?<\/h6>\n<\/div>\n\n\n\n<div class=\"wp-block-column is-layout-flow wp-block-column-is-layout-flow\" style=\"flex-basis:60%\">\n<p class=\"has-animation\">Mi nombre es Carlos Orra, y soy el creador del NFT de KarFly.<\/p>\n\n\n\n<p>Soy un apasionado del entorno Web, en cualquiera de sus expresiones. Intento conocer y aprender siempre de un entorno que cada d\u00eda es diferente al anterior.<\/p>\n\n\n\n<p class=\"has-animation\">En la actualidad no me dedico profesionalmente al entorno de la Web, pero si que en el transcurso de los a\u00f1os he tenido la oportunidad de desarrollar diferentes proyectos. <\/p>\n\n\n\n<p class=\"has-animation\">He realizado proyectos Web para Pymes, como freelance, he trabajado en proyectos para ONG`s (intervida.org), y diferentes proyectos de Tiendas On-line, tanto desde la programaci\u00f3n como el entorno visual.<\/p>\n\n\n\n<p>Profesionalmente me dedico al comercio tradicional y a la distribuci\u00f3n de productos,  y los conocimientos en el sector de las ventas ha sido un complemento muy importante a la hora de realizar diferentes consultor\u00edas de Marketing On-line, o soluciones de Log\u00edstica en Distribuci\u00f3n de productos, o soluciones en pasarelas de pago para los comercios en la Web.<\/p>\n\n\n\n<p class=\"has-animation\">Tambi\u00e9n a nivel de hobby realizo proyectos de programaci\u00f3n con Arduino, Rasperry-pi, que sin duda es super interesante y forma parte del conjunto de conocimientos que voy sumando con el tiempo.<\/p>\n\n\n\n<p class=\"has-animation\">Ahora el Mundo de los NFT, me han llamado mucho la atenci\u00f3n. En especial para dar visibilidad a un comic que tengo desde mi adolescencia, donde cree las historias de una mosca, que sin duda tiene un poco de mala suerte. Son historias con un poco de iron\u00eda, donde intento re\u00edrme de la realidad de la vida , donde lo que no tiene que pasar pasa, y donde lo raro es habitual&#8230;.<\/p>\n<\/div>\n\n\n\n<div class=\"wp-block-column is-layout-flow wp-block-column-is-layout-flow\" style=\"flex-basis:20%\">\n<figure class=\"wp-block-image size-large\"><img loading=\"lazy\" decoding=\"async\" width=\"1024\" height=\"576\" src=\"https:\/\/karlfly.com\/wp-content\/uploads\/2023\/05\/IMG-20210627-WA0008-1024x576.jpeg\" alt=\"\" class=\"wp-image-3318\" srcset=\"https:\/\/karlfly.com\/wp-content\/uploads\/2023\/05\/IMG-20210627-WA0008-1024x576.jpeg 1024w, https:\/\/karlfly.com\/wp-content\/uploads\/2023\/05\/IMG-20210627-WA0008-300x169.jpeg 300w, https:\/\/karlfly.com\/wp-content\/uploads\/2023\/05\/IMG-20210627-WA0008-768x432.jpeg 768w, https:\/\/karlfly.com\/wp-content\/uploads\/2023\/05\/IMG-20210627-WA0008-1536x864.jpeg 1536w, https:\/\/karlfly.com\/wp-content\/uploads\/2023\/05\/IMG-20210627-WA0008-2048x1152.jpeg 2048w\" sizes=\"auto, (max-width: 1024px) 100vw, 1024px\" \/><\/figure>\n<\/div>\n<\/div>\n<\/div>\n\n\n\n<div class=\"wp-block-humpton-gutenberg-container content-row light-section full change-header-color\" data-bgcolor=\"#ffffff\" style=\"text-align:left\">\n<div class=\"wp-block-humpton-gutenberg-moving-gallery moving-gallery fw-gallery random-sizes\"><ul class=\"wrapper-gallery\">\n<li><img decoding=\"async\" src=\"https:\/\/karlfly.com\/wp-content\/uploads\/2023\/05\/xse1.jpg\" alt=\"\" \/><\/li>\n\n\n\n<li><img decoding=\"async\" src=\"https:\/\/karlfly.com\/wp-content\/uploads\/2023\/05\/xpe3.jpg\" alt=\"\" \/><\/li>\n\n\n\n<li><img decoding=\"async\" src=\"https:\/\/karlfly.com\/wp-content\/uploads\/2023\/05\/xinter1.jpg\" alt=\"\" \/><\/li>\n\n\n\n<li><img decoding=\"async\" src=\"https:\/\/karlfly.com\/wp-content\/uploads\/2023\/05\/xardiono.jpg\" alt=\"\" \/><\/li>\n<\/ul><\/div>\n\n\n\n<div class=\"wp-block-humpton-gutenberg-moving-gallery moving-gallery bw-gallery random-sizes\"><ul class=\"wrapper-gallery\">\n<li><img decoding=\"async\" src=\"https:\/\/karlfly.com\/wp-content\/uploads\/2023\/05\/xom2.jpg\" alt=\"\" \/><\/li>\n\n\n\n<li><img decoding=\"async\" src=\"https:\/\/karlfly.com\/wp-content\/uploads\/2023\/05\/xprog.jpg\" alt=\"\" \/><\/li>\n\n\n\n<li><img decoding=\"async\" src=\"https:\/\/karlfly.com\/wp-content\/uploads\/2023\/05\/pet1.jpg\" alt=\"\" \/><\/li>\n\n\n\n<li><img decoding=\"async\" src=\"https:\/\/karlfly.com\/wp-content\/uploads\/2023\/05\/xads.jpg\" alt=\"\" \/><\/li>\n<\/ul><\/div>\n<\/div>\n\n\n\n<div class=\"wp-block-humpton-gutenberg-container content-row light-section normal row_padding_top change-header-color\" data-bgcolor=\"#ffffff\" style=\"text-align:left\">\n<div class=\"wp-block-columns is-layout-flex wp-container-core-columns-is-layout-9d6595d7 wp-block-columns-is-layout-flex\">\n<div class=\"wp-block-column is-layout-flow wp-block-column-is-layout-flow\">\n<div class=\"box-icon-wrapper block-boxes \"><div class=\"box-icon\"><i class=\"fa-solid fa-desktop fa-2x\" aria-hidden=\"true\"><\/i><\/div><div class=\"box-icon-content\"><h5 class=\"no-margins\">Web Designer<\/h5><p>Mas de 20 A\u00f1os desarrollando diferentes aplicaciones i entornos web.\nDesde web`s creativas, aplicaciones Flash para educacion, ONG`s, <\/p><\/div><\/div>\n<\/div>\n\n\n\n<div class=\"wp-block-column is-layout-flow wp-block-column-is-layout-flow\"><\/div>\n\n\n\n<div class=\"wp-block-column is-layout-flow wp-block-column-is-layout-flow\">\n<div class=\"box-icon-wrapper block-boxes \"><div class=\"box-icon\"><i class=\"fa-solid fa-pen-ruler fa-2x\" aria-hidden=\"true\"><\/i><\/div><div class=\"box-icon-content\"><h5 class=\"no-margins\">Consultant Market places<\/h5><p>Consultor para pequelas Pymes para a la hora de desarrolalr su proyecto de tiendas on-line i Market Places.<\/p><\/div><\/div>\n<\/div>\n<\/div>\n<\/div>\n\n\n\n<div class=\"wp-block-humpton-gutenberg-container content-row light-section normal change-header-color\" data-bgcolor=\"#ffffff\" style=\"text-align:left\">\n<div class=\"marquee-text-wrapper \"><h1 class=\"marquee-text big-title fw\">&lt;h2&gt;Crecemos para aprender y transformar lo que nos rodea&#8230; tu no?&lt;\/h2&gt;<\/h1><\/div>\n<\/div>\n\n\n\n<div class=\"wp-block-humpton-gutenberg-container content-row light-section normal row_padding_bottom change-header-color\" data-bgcolor=\"#ffffff\" style=\"text-align:left\">\n<div class=\"wp-block-columns is-layout-flex wp-container-core-columns-is-layout-9d6595d7 wp-block-columns-is-layout-flex\">\n<div class=\"wp-block-column is-layout-flow wp-block-column-is-layout-flow\">\n<div class=\"box-icon-wrapper block-boxes \"><div class=\"box-icon\"><i class=\"fa-solid fa-lightbulb fa-2x\" aria-hidden=\"true\"><\/i><\/div><div class=\"box-icon-content\"><h5 class=\"no-margins\">Marketing Web \/ SEO<\/h5><p>Asesor de marketing On-line y posicionamiento en buscadores para diferentes empresas, en especial para peque\u00f1as Pymes.<\/p><\/div><\/div>\n<\/div>\n\n\n\n<div class=\"wp-block-column is-layout-flow wp-block-column-is-layout-flow\"><\/div>\n\n\n\n<div class=\"wp-block-column is-layout-flow wp-block-column-is-layout-flow\">\n<div class=\"box-icon-wrapper block-boxes \"><div class=\"box-icon\"><i class=\"fa-solid fa-mobile-screen fa-2x\" aria-hidden=\"true\"><\/i><\/div><div class=\"box-icon-content\"><h5 class=\"no-margins\">NFT Designer<\/h5><p>Con este proyecto me estreno como dise\u00f1ador de NFT, y espero que pueda crecer en este ambito que es nuevo para mi<\/p><\/div><\/div>\n<\/div>\n<\/div>\n<\/div>\n","protected":false},"excerpt":{"rendered":"","protected":false},"author":1,"featured_media":0,"parent":0,"menu_order":0,"comment_status":"closed","ping_status":"closed","template":"","meta":{"_themeisle_gutenberg_block_has_review":false,"footnotes":""},"class_list":["post-2902","page","type-page","status-publish","hentry"],"jetpack_sharing_enabled":true,"_links":{"self":[{"href":"https:\/\/karlfly.com\/index.php\/wp-json\/wp\/v2\/pages\/2902","targetHints":{"allow":["GET"]}}],"collection":[{"href":"https:\/\/karlfly.com\/index.php\/wp-json\/wp\/v2\/pages"}],"about":[{"href":"https:\/\/karlfly.com\/index.php\/wp-json\/wp\/v2\/types\/page"}],"author":[{"embeddable":true,"href":"https:\/\/karlfly.com\/index.php\/wp-json\/wp\/v2\/users\/1"}],"replies":[{"embeddable":true,"href":"https:\/\/karlfly.com\/index.php\/wp-json\/wp\/v2\/comments?post=2902"}],"version-history":[{"count":28,"href":"https:\/\/karlfly.com\/index.php\/wp-json\/wp\/v2\/pages\/2902\/revisions"}],"predecessor-version":[{"id":3355,"href":"https:\/\/karlfly.com\/index.php\/wp-json\/wp\/v2\/pages\/2902\/revisions\/3355"}],"wp:attachment":[{"href":"https:\/\/karlfly.com\/index.php\/wp-json\/wp\/v2\/media?parent=2902"}],"curies":[{"name":"wp","href":"https:\/\/api.w.org\/{rel}","templated":true}]}}